{"id":350603,"date":"2022-01-09T22:07:54","date_gmt":"2022-01-09T21:07:54","guid":{"rendered":"https:\/\/primus-medical.me\/our-team\/"},"modified":"2026-04-16T14:16:14","modified_gmt":"2026-04-16T13:16:14","slug":"our-team","status":"publish","type":"page","link":"https:\/\/primus-medical.me\/en\/our-team\/","title":{"rendered":"Our team"},"content":{"rendered":"<p>[et_pb_section fb_built=&#8221;1&#8243; fullwidth=&#8221;on&#8221; _builder_version=&#8221;4.16&#8243; _module_preset=&#8221;default&#8221; locked=&#8221;off&#8221; global_colors_info=&#8221;{}&#8221;][et_pb_fullwidth_header title=&#8221;Our team&#8221; _builder_version=&#8221;4.16&#8243; _module_preset=&#8221;default&#8221; title_text_align=&#8221;center&#8221; title_font_size=&#8221;45px&#8221; use_background_color_gradient=&#8221;on&#8221; background_color_gradient_direction=&#8221;150deg&#8221; background_color_gradient_stops=&#8221;#54748c 0%|#3395d2 100%&#8221; background_color_gradient_start=&#8221;#54748c&#8221; background_color_gradient_end=&#8221;#3395d2&#8243; custom_padding=&#8221;25px||20px||false|false&#8221; custom_padding_tablet=&#8221;25px||20px||false|false&#8221; custom_padding_phone=&#8221;15px||10px||false|false&#8221; custom_padding_last_edited=&#8221;on|phone&#8221; title_font_size_tablet=&#8221;45px&#8221; title_font_size_phone=&#8221;35px&#8221; title_font_size_last_edited=&#8221;on|phone&#8221; global_colors_info=&#8221;{}&#8221;][\/et_pb_fullwidth_header][\/et_pb_section][et_pb_section fb_built=&#8221;1&#8243; custom_padding_last_edited=&#8221;on|phone&#8221; module_id=&#8221;Veins&#8221; _builder_version=&#8221;4.27.4&#8243; _module_preset=&#8221;default&#8221; background_color=&#8221;#F3F3F3&#8243; custom_padding=&#8221;20px||20px||false|false&#8221; custom_padding_tablet=&#8221;20px||20px||false|false&#8221; custom_padding_phone=&#8221;||40px||false|false&#8221; global_colors_info=&#8221;{}&#8221;][et_pb_row column_structure=&#8221;3_5,2_5&#8243; custom_padding_last_edited=&#8221;on|phone&#8221; _builder_version=&#8221;4.21.0&#8243; _module_preset=&#8221;default&#8221; width=&#8221;90%&#8221; custom_padding=&#8221;||0px||false|false&#8221; custom_padding_tablet=&#8221;||20px||false|false&#8221; custom_padding_phone=&#8221;||0px||false|false&#8221; locked=&#8221;off&#8221; global_colors_info=&#8221;{}&#8221;][et_pb_column type=&#8221;3_5&#8243; _builder_version=&#8221;4.16&#8243; _module_preset=&#8221;default&#8221; global_colors_info=&#8221;{}&#8221;][et_pb_text _builder_version=&#8221;4.16&#8243; _module_preset=&#8221;default&#8221; header_2_font=&#8221;||||||||&#8221; header_2_font_size=&#8221;38px&#8221; header_2_line_height=&#8221;1.3em&#8221; custom_margin=&#8221;0px||0px||false|false&#8221; header_2_font_size_tablet=&#8221;34px&#8221; header_2_font_size_phone=&#8221;22px&#8221; header_2_font_size_last_edited=&#8221;on|phone&#8221; global_colors_info=&#8221;{}&#8221;]<\/p>\n<h2>Dr. Dario Joci\u0107<\/h2>\n<p>[\/et_pb_text][et_pb_divider color=&#8221;#3395D2&#8243; divider_weight=&#8221;2px&#8221; _builder_version=&#8221;4.16&#8243; _module_preset=&#8221;default&#8221; width=&#8221;20%&#8221; custom_margin=&#8221;||0px||false|false&#8221; locked=&#8221;off&#8221; global_colors_info=&#8221;{}&#8221;][\/et_pb_divider][et_pb_text _builder_version=&#8221;4.16&#8243; _module_preset=&#8221;default&#8221; text_font=&#8221;||||||||&#8221; custom_padding=&#8221;||0px|||&#8221; locked=&#8221;off&#8221; global_colors_info=&#8221;{}&#8221;]<\/p>\n<ul>\n<li style=\"font-weight: 400; text-align: justify;\" aria-level=\"1\"><span style=\"font-weight: 400;\">Master of Medical Sciences, specialist in general surgery and vascular surgery. He was born in 1969 in Belgrade and graduated from the Faculty of Medicine at the University of Belgrade in 1995, with an average grade of 9.53. He passed the specialist examination in general surgery in 2001 with an excellent grade. In 2008, he defended his master&#8217;s thesis at the Faculty of Medicine, University of Belgrade, titled &#8220;Influence of the state of vertebral arteries on early results of carotid endarterectomy.&#8221;       <\/span><\/li>\n<li style=\"font-weight: 400; text-align: justify;\" aria-level=\"1\"><span style=\"font-weight: 400;\">He worked at the General Surgery Department of the Zemun Clinical Center from 1997 to 2004, and then moved to the Clinic for Vascular Surgery at the Institute for Cardiovascular Diseases &#8220;Dedinje.&#8221; He served as the Secretary of the working group of the Ministry of Health for the development of the &#8220;National Guide for the Prevention of Cardiovascular Diseases&#8221; in 2005. He further improved his skills through numerous educational programs and congresses in the country and abroad.     <\/span><\/li>\n<li style=\"font-weight: 400; text-align: justify;\" aria-level=\"1\"><span style=\"font-weight: 400;\">He is one of the pioneers in minimally invasive methods for treating varicose veins. After twenty years of experience in general and vascular surgery, he founded the Center for Contemporary Vein Treatment, which offers patients access to all modern minimally invasive surgical methods for treating veins and capillaries. He was the first in Serbia and the region to apply the method of treating varicose veins with medical adhesive.  <\/span><\/li>\n<li style=\"font-weight: 400; text-align: justify;\" aria-level=\"1\"><span style=\"font-weight: 400;\">He is the author and co-author of several papers published in foreign and domestic journals, as well as congresses in the country and abroad.<\/span><\/li>\n<\/ul>\n<p>[\/et_pb_text][\/et_pb_column][et_pb_column type=&#8221;2_5&#8243; _builder_version=&#8221;4.16&#8243; _module_preset=&#8221;default&#8221; global_colors_info=&#8221;{}&#8221;][et_pb_image src=&#8221;https:\/\/primus-medical.me\/wp-content\/uploads\/2021\/09\/doctor-1.jpg&#8221; title_text=&#8221;doctor-1&#8243; _builder_version=&#8221;4.16&#8243; _module_preset=&#8221;default&#8221; custom_margin_tablet=&#8221;-20px||||false|false&#8221; custom_margin_phone=&#8221;-20px||||false|false&#8221; custom_margin_last_edited=&#8221;on|phone&#8221; animation_style=&#8221;slide&#8221; animation_direction=&#8221;right&#8221; animation_intensity_slide=&#8221;5%&#8221; global_colors_info=&#8221;{}&#8221;][\/et_pb_image][\/et_pb_column][\/et_pb_row][\/et_pb_section][et_pb_section fb_built=&#8221;1&#8243; module_id=&#8221;aesthetics&#8221; _builder_version=&#8221;4.27.4&#8243; _module_preset=&#8221;default&#8221; background_color=&#8221;#ffffff&#8221; custom_padding=&#8221;20px||40px||false|false&#8221; global_colors_info=&#8221;{}&#8221; disabled_on=&#8221;on|on|on&#8221; disabled=&#8221;on&#8221;][et_pb_row column_structure=&#8221;2_5,3_5&#8243; custom_padding_last_edited=&#8221;on|tablet&#8221; module_class=&#8221;reverse-columns-mobile&#8221; _builder_version=&#8221;4.16&#8243; _module_preset=&#8221;default&#8221; width=&#8221;90%&#8221; custom_padding=&#8221;||0px||false|false&#8221; custom_padding_tablet=&#8221;20px||0px||false|false&#8221; custom_padding_phone=&#8221;20px||0px||false|false&#8221; locked=&#8221;off&#8221; global_colors_info=&#8221;{}&#8221;][et_pb_column type=&#8221;2_5&#8243; _builder_version=&#8221;4.16&#8243; _module_preset=&#8221;default&#8221; global_colors_info=&#8221;{}&#8221;][et_pb_image src=&#8221;https:\/\/primus-medical.me\/wp-content\/uploads\/2021\/09\/doctor-2.jpg&#8221; title_text=&#8221;doctor-2&#8243; _builder_version=&#8221;4.16&#8243; _module_preset=&#8221;default&#8221; animation_style=&#8221;slide&#8221; animation_direction=&#8221;left&#8221; animation_intensity_slide=&#8221;5%&#8221; global_colors_info=&#8221;{}&#8221;][\/et_pb_image][\/et_pb_column][et_pb_column type=&#8221;3_5&#8243; _builder_version=&#8221;4.16&#8243; _module_preset=&#8221;default&#8221; global_colors_info=&#8221;{}&#8221;][et_pb_text _builder_version=&#8221;4.16&#8243; _module_preset=&#8221;default&#8221; header_2_font=&#8221;||||||||&#8221; header_2_font_size=&#8221;38px&#8221; header_2_line_height=&#8221;1.3em&#8221; custom_margin=&#8221;0px||0px||false|false&#8221; header_2_font_size_tablet=&#8221;34px&#8221; header_2_font_size_phone=&#8221;22px&#8221; header_2_font_size_last_edited=&#8221;on|phone&#8221; global_colors_info=&#8221;{}&#8221;]<\/p>\n<h2>Dr. Mirjana Ra\u0161lji\u0107<\/h2>\n<p>[\/et_pb_text][et_pb_divider color=&#8221;#3395D2&#8243; divider_weight=&#8221;2px&#8221; _builder_version=&#8221;4.16&#8243; _module_preset=&#8221;default&#8221; width=&#8221;20%&#8221; custom_margin=&#8221;||0px||false|false&#8221; locked=&#8221;off&#8221; global_colors_info=&#8221;{}&#8221;][\/et_pb_divider][et_pb_text _builder_version=&#8221;4.16&#8243; _module_preset=&#8221;default&#8221; text_font=&#8221;||||||||&#8221; text_line_height=&#8221;-0.2em&#8221; custom_padding=&#8221;||0px|||&#8221; locked=&#8221;off&#8221; global_colors_info=&#8221;{}&#8221;]<\/p>\n<p style=\"text-align: justify;\"><span style=\"font-weight: 400;\">After completing her studies at the Faculty of Dentistry, University of Belgrade, she decided to devote herself to and specialize in aesthetic medicine. <\/span><\/p>\n<ul>\n<li style=\"text-align: justify;\"><span style=\"font-weight: 400;\">From 2012 to the present, she has attended numerous international educational programs and professional gatherings, including those in Paris, Monte Carlo, Sofia, and her home country. Under the mentorship of Dr. Vladimir Stojiljkovi\u0107, a national trainer, she participated in the Allergan master class &#8220;Complication Management.&#8221; She also attended education courses on the application of new technologies in aesthetic medicine, recognized and certified by the Ministry of Health of the Republic of Serbia.   <\/span><\/li>\n<li style=\"text-align: justify;\">In her work, she applies the latest knowledge of Mauricio de Maio, an eminent and world-renowned Brazilian plastic surgeon who has advanced the use of botulinum toxin and injectable fillers. She has also completed the MD Codes Visionary, a specialized method developed by Dr. De Maio to ensure the facial health of those undergoing aesthetic procedures.  <\/li>\n<li style=\"text-align: justify;\">In addition to her desire for continuous learning in aesthetic medicine, she is honored to belong to one of the oldest societies in Europe. She is a member of the Serbian Medical Society, the Serbian Association of Dentists for Facial Aesthetics (SUDEL), which provides quality and continuous education in the field of aesthetic medicine for dental doctors, and the Association of Interdisciplinary Aesthetic and Anti-Aging Medicine of Serbia (SESIAM), established to improve and expand knowledge in the field of anti-aging and aesthetic medicine, cosmetology, and related medical branches.  <\/li>\n<li style=\"text-align: justify;\">2021. she became the Brand Ambassador for Serbia for Dr. Raj Acquilla \u2013 a leading, world-renowned expert in the field of aesthetic medicine, from whom she learned, advanced, and perfected her own knowledge and professional skills. Being an ambassador for such a top-tier expert is an absolute confirmation of quality and expertise.<\/li>\n<li style=\"text-align: justify;\">Her constant improvement with top world trainers and experts in this field, as well as the relationship she has nurtured over the years in her work, allows her to apply the latest techniques in aesthetic medicine to her patients. <\/li>\n<\/ul>\n<p style=\"text-align: justify;\"><span style=\"font-weight: 400;\">Using the safest medical methods and materials certified in the market and internationally recognized, your face will shine with its preserved natural and youthful appearance. Here, we are not only talking about inner satisfaction but also a well-done, safe, and professional job.  <\/span><\/p>\n<p>[\/et_pb_text][\/et_pb_column][\/et_pb_row][\/et_pb_section][et_pb_section fb_built=&#8221;1&#8243; module_id=&#8221;urology&#8221; _builder_version=&#8221;4.27.4&#8243; _module_preset=&#8221;default&#8221; background_color=&#8221;#F3F3F3&#8243; custom_padding=&#8221;20px||40px||false|false&#8221; global_colors_info=&#8221;{}&#8221; disabled_on=&#8221;on|on|on&#8221; disabled=&#8221;on&#8221;][et_pb_row column_structure=&#8221;3_5,2_5&#8243; custom_padding_last_edited=&#8221;on|tablet&#8221; _builder_version=&#8221;4.16&#8243; _module_preset=&#8221;default&#8221; width=&#8221;90%&#8221; custom_padding=&#8221;||0px||false|false&#8221; custom_padding_tablet=&#8221;20px||||false|false&#8221; custom_padding_phone=&#8221;20px||||false|false&#8221; locked=&#8221;off&#8221; global_colors_info=&#8221;{}&#8221;][et_pb_column type=&#8221;3_5&#8243; _builder_version=&#8221;4.16&#8243; _module_preset=&#8221;default&#8221; global_colors_info=&#8221;{}&#8221;][et_pb_text _builder_version=&#8221;4.16&#8243; _module_preset=&#8221;default&#8221; header_2_font=&#8221;||||||||&#8221; header_2_font_size=&#8221;38px&#8221; header_2_line_height=&#8221;1.3em&#8221; custom_margin=&#8221;0px||0px||false|false&#8221; header_2_font_size_tablet=&#8221;34px&#8221; header_2_font_size_phone=&#8221;22px&#8221; header_2_font_size_last_edited=&#8221;on|phone&#8221; global_colors_info=&#8221;{}&#8221;]<\/p>\n<h2>Prof. Dr. Cane Tuli\u0107<\/h2>\n<p>[\/et_pb_text][et_pb_divider color=&#8221;#3395D2&#8243; divider_weight=&#8221;2px&#8221; _builder_version=&#8221;4.16&#8243; _module_preset=&#8221;default&#8221; width=&#8221;20%&#8221; custom_margin=&#8221;||0px||false|false&#8221; locked=&#8221;off&#8221; global_colors_info=&#8221;{}&#8221;][\/et_pb_divider][et_pb_text _builder_version=&#8221;4.24.0&#8243; _module_preset=&#8221;default&#8221; text_font=&#8221;||||||||&#8221; custom_padding=&#8221;||0px|||&#8221; locked=&#8221;off&#8221; global_colors_info=&#8221;{}&#8221;]<\/p>\n<ul>\n<li style=\"font-weight: 400; text-align: justify;\" aria-level=\"1\"><span style=\"font-weight: 400;\">Prof. Dr. Cane Tuli\u0107 is a professor of Surgery with Anesthesiology (Urology) at the Faculty of Medicine, University of Belgrade. He obtained his Master&#8217;s degree in Urology in 1986 at the Faculty of Medicine in Belgrade, where he also earned his Ph.D. in 1991 on the topic &#8220;Assessment of testicular function (spermatogenic and endocrine) in infertile men with varicocele.&#8221; <\/span><\/li>\n<li style=\"font-weight: 400; text-align: justify;\" aria-level=\"1\"><span style=\"font-weight: 400;\">He was the head of the Department at the Institute of Urology and Nephrology since 1996, and from October 2002, he served as the deputy director of the Institute of Urology and Nephrology. He held the position of Director of the Clinic for Urology at the Clinical Center of Serbia from 2009 until December 2012.      <\/span><\/li>\n<li style=\"font-weight: 400; text-align: justify;\" aria-level=\"1\"><span style=\"font-weight: 400;\">He is one of the pioneers in the development of ultrasound diagnostics and its application in interventional urology and uroradiology in Serbia. His works address issues related to the diagnosis and treatment of male infertility, as well as urological oncology, particularly early detection, surgical treatment, and monitoring treatment results in patients with prostate, bladder, and kidney cancer. He has significantly contributed to raising the level of work at the Clinic, improving standard methods, and introducing new techniques in reconstructive surgery.  <\/span><\/li>\n<\/ul>\n<p>[\/et_pb_text][\/et_pb_column][et_pb_column type=&#8221;2_5&#8243; _builder_version=&#8221;4.16&#8243; _module_preset=&#8221;default&#8221; global_colors_info=&#8221;{}&#8221;][et_pb_image src=&#8221;https:\/\/primus-medical.me\/wp-content\/uploads\/2021\/09\/doctor-3.jpg&#8221; title_text=&#8221;doctor-3&#8243; _builder_version=&#8221;4.16&#8243; _module_preset=&#8221;default&#8221; custom_margin_tablet=&#8221;-20px||||false|false&#8221; custom_margin_phone=&#8221;-20px||||false|false&#8221; custom_margin_last_edited=&#8221;on|tablet&#8221; animation_style=&#8221;slide&#8221; animation_direction=&#8221;right&#8221; animation_intensity_slide=&#8221;5%&#8221; global_colors_info=&#8221;{}&#8221;][\/et_pb_image][\/et_pb_column][\/et_pb_row][\/et_pb_section][et_pb_section fb_built=&#8221;1&#8243; module_id=&#8221;radiologija&#8221; _builder_version=&#8221;4.27.4&#8243; _module_preset=&#8221;default&#8221; background_color=&#8221;#ffffff&#8221; custom_padding=&#8221;20px||40px||false|false&#8221; global_colors_info=&#8221;{}&#8221;][et_pb_row column_structure=&#8221;2_5,3_5&#8243; custom_padding_last_edited=&#8221;on|tablet&#8221; module_class=&#8221;reverse-columns-mobile&#8221; _builder_version=&#8221;4.16&#8243; _module_preset=&#8221;default&#8221; width=&#8221;90%&#8221; custom_padding=&#8221;||0px||false|false&#8221; custom_padding_tablet=&#8221;20px||0px||false|false&#8221; custom_padding_phone=&#8221;20px||0px||false|false&#8221; locked=&#8221;off&#8221; global_colors_info=&#8221;{}&#8221;][et_pb_column type=&#8221;2_5&#8243; _builder_version=&#8221;4.16&#8243; _module_preset=&#8221;default&#8221; global_colors_info=&#8221;{}&#8221;][et_pb_image src=&#8221;https:\/\/primus-medical.me\/wp-content\/uploads\/2025\/06\/NataliyaTkach.webp&#8221; title_text=&#8221;NataliyaTkach&#8221; _builder_version=&#8221;4.24.0&#8243; _module_preset=&#8221;default&#8221; custom_margin_tablet=&#8221;-20px||||false|false&#8221; custom_margin_phone=&#8221;-20px||||false|false&#8221; custom_margin_last_edited=&#8221;on|tablet&#8221; animation_style=&#8221;slide&#8221; animation_direction=&#8221;right&#8221; animation_intensity_slide=&#8221;5%&#8221; global_colors_info=&#8221;{}&#8221;][\/et_pb_image][\/et_pb_column][et_pb_column type=&#8221;3_5&#8243; _builder_version=&#8221;4.16&#8243; _module_preset=&#8221;default&#8221; global_colors_info=&#8221;{}&#8221;][et_pb_text _builder_version=&#8221;4.24.0&#8243; _module_preset=&#8221;default&#8221; header_2_font=&#8221;||||||||&#8221; header_2_font_size=&#8221;38px&#8221; header_2_line_height=&#8221;1.3em&#8221; custom_margin=&#8221;0px||0px||false|false&#8221; header_2_font_size_tablet=&#8221;34px&#8221; header_2_font_size_phone=&#8221;22px&#8221; header_2_font_size_last_edited=&#8221;on|phone&#8221; global_colors_info=&#8221;{}&#8221;]<\/p>\n<h2><span>Dr. Nataliya Tkach<\/span><\/h2>\n<p>[\/et_pb_text][et_pb_divider color=&#8221;#3395D2&#8243; divider_weight=&#8221;2px&#8221; _builder_version=&#8221;4.16&#8243; _module_preset=&#8221;default&#8221; width=&#8221;20%&#8221; custom_margin=&#8221;||0px||false|false&#8221; locked=&#8221;off&#8221; global_colors_info=&#8221;{}&#8221;][\/et_pb_divider][et_pb_text _builder_version=&#8221;4.24.0&#8243; _module_preset=&#8221;default&#8221; text_font=&#8221;||||||||&#8221; custom_padding=&#8221;||0px|||&#8221; locked=&#8221;off&#8221; global_colors_info=&#8221;{}&#8221;]<\/p>\n<p>General medicine is the foundation of healthcare, providing diagnostics, treatment, and prevention for a wide spectrum of acute and chronic diseases. The scope of general medicine includes regular check-ups, laboratory diagnostics, minor surgical interventions, and general health monitoring for patients of all ages. <\/p>\n<p>Family medicine is a sub-specialization of general medicine focused on the long-term monitoring of patients and their families, with a particular emphasis on the prevention and treatment of chronic diseases.<\/p>\n<p>At PZU Primus Medical, a team of experienced doctors provides comprehensive primary healthcare, tailored to the individual needs of patients.U PZU Primus medical, tim iskusnih ljekara pru\u017ea sveobuhvatnu primarnu zdravstvenu za\u0161titu, prilago\u0111enu individualnim potrebama pacijenata.<\/p>\n<div dir=\"auto\"><\/div>\n<p>[\/et_pb_text][\/et_pb_column][\/et_pb_row][\/et_pb_section]<\/p>\n","protected":false},"excerpt":{"rendered":"<p>Dr. Dario Joci\u0107 Master of Medical Sciences, specialist in general surgery and vascular surgery. He was born in 1969 in Belgrade and graduated from the Faculty of Medicine at the University of Belgrade in 1995, with an average grade of 9.53. He passed the specialist examination in general surgery in 2001 with an excellent grade. In 2008, he defended his master&#8217;s thesis at the Faculty of Medicine, University of Belgrade, titled &#8220;Influence of the state of vertebral arteries on early results of carotid endarterectomy.&#8221; He worked at the General Surgery Department of the Zemun Clinical Center from 1997 to 2004, and then moved to the Clinic for Vascular Surgery at the Institute for Cardiovascular Diseases &#8220;Dedinje.&#8221; He served as the Secretary of the working group of the Ministry of Health for the development of the &#8220;National Guide for the Prevention of Cardiovascular Diseases&#8221; in 2005. He further improved his skills through numerous educational programs and congresses in the country and abroad. He is one of the pioneers in minimally invasive methods for treating varicose veins. After twenty years of experience in general and vascular surgery, he founded the Center for Contemporary Vein Treatment, which offers patients access to all modern [&hellip;]<\/p>\n","protected":false},"author":1,"featured_media":350751,"parent":0,"menu_order":0,"comment_status":"closed","ping_status":"closed","template":"","meta":{"_seopress_robots_primary_cat":"","_seopress_titles_title":"","_seopress_titles_desc":"","_seopress_robots_index":"","_et_pb_use_builder":"on","_et_pb_old_content":"","_et_gb_content_width":"","footnotes":""},"class_list":["post-350603","page","type-page","status-publish","has-post-thumbnail","hentry"],"_links":{"self":[{"href":"https:\/\/primus-medical.me\/en\/wp-json\/wp\/v2\/pages\/350603","targetHints":{"allow":["GET"]}}],"collection":[{"href":"https:\/\/primus-medical.me\/en\/wp-json\/wp\/v2\/pages"}],"about":[{"href":"https:\/\/primus-medical.me\/en\/wp-json\/wp\/v2\/types\/page"}],"author":[{"embeddable":true,"href":"https:\/\/primus-medical.me\/en\/wp-json\/wp\/v2\/users\/1"}],"replies":[{"embeddable":true,"href":"https:\/\/primus-medical.me\/en\/wp-json\/wp\/v2\/comments?post=350603"}],"version-history":[{"count":10,"href":"https:\/\/primus-medical.me\/en\/wp-json\/wp\/v2\/pages\/350603\/revisions"}],"predecessor-version":[{"id":351378,"href":"https:\/\/primus-medical.me\/en\/wp-json\/wp\/v2\/pages\/350603\/revisions\/351378"}],"wp:featuredmedia":[{"embeddable":true,"href":"https:\/\/primus-medical.me\/en\/wp-json\/wp\/v2\/media\/350751"}],"wp:attachment":[{"href":"https:\/\/primus-medical.me\/en\/wp-json\/wp\/v2\/media?parent=350603"}],"curies":[{"name":"wp","href":"https:\/\/api.w.org\/{rel}","templated":true}]}}